{"id":24,"date":"2020-08-05T16:46:10","date_gmt":"2020-08-05T14:46:10","guid":{"rendered":"http:\/\/rivieracartegrise.com\/?page_id=24"},"modified":"2023-11-14T14:41:14","modified_gmt":"2023-11-14T13:41:14","slug":"accueil","status":"publish","type":"page","link":"https:\/\/rivieracartegrise.com\/","title":{"rendered":"Accueil"},"content":{"rendered":"<p>[et_pb_section fb_built=&#8221;1&#8243; fullwidth=&#8221;on&#8221; _builder_version=&#8221;4.16&#8243; _module_preset=&#8221;default&#8221; global_colors_info=&#8221;{}&#8221;][et_pb_fullwidth_header _builder_version=&#8221;4.16&#8243; _module_preset=&#8221;default&#8221; background_image=&#8221;http:\/\/rivieracartegrise.com\/wp-content\/uploads\/2020\/08\/55ce79ab-a537-422e-bdb6-fd876393d763.jpg&#8221; parallax=&#8221;on&#8221; custom_padding=&#8221;||500px|||&#8221; global_colors_info=&#8221;{}&#8221;][\/et_pb_fullwidth_header][\/et_pb_section][et_pb_section fb_built=&#8221;1&#8243; _builder_version=&#8221;4.16&#8243; _module_preset=&#8221;default&#8221; global_colors_info=&#8221;{}&#8221;][et_pb_row column_structure=&#8221;1_2,1_2&#8243; _builder_version=&#8221;4.16&#8243; _module_preset=&#8221;default&#8221; custom_padding=&#8221;|||28px||&#8221; global_colors_info=&#8221;{}&#8221;][et_pb_column type=&#8221;1_2&#8243; _builder_version=&#8221;4.16&#8243; _module_preset=&#8221;default&#8221; global_colors_info=&#8221;{}&#8221;][et_pb_text module_class=&#8221;dtb-typing&#8221; _builder_version=&#8221;4.16&#8243; _module_preset=&#8221;default&#8221; text_font_size=&#8221;24px&#8221; text_letter_spacing=&#8221;2px&#8221; animation_direction=&#8221;left&#8221; global_colors_info=&#8221;{}&#8221;]<\/p>\n<p><span><strong>SIMPLIFIEZ-VOUS LA VIE !<\/strong><\/span><\/p>\n<p>[\/et_pb_text][et_pb_text _builder_version=&#8221;4.16&#8243; _module_preset=&#8221;default&#8221; global_colors_info=&#8221;{}&#8221;]<\/p>\n<p><span>Pour un gain de temps concernant tous les documents administratifs, n&#8217;h\u00e9sitez pas \u00e0 contacter <strong>RIVIERA CARTE GRISE<\/strong>.<\/span><\/p>\n<p><span>Avec ses 15 ans exp\u00e9riences et ses nombreuses r\u00e9f\u00e9rences, <strong>RIVIERA CARTE GRISE<\/strong> est en mesure de r\u00e9pondre \u00e0 toutes vos attentes.<\/span><\/p>\n<p style=\"text-align: center;\"><span><span style=\"color: #ff0000;\"><strong>Facile d\u2019acc\u00e8s, Parking GRATUIT \u00e0 disposition<\/strong><\/span><\/span><\/p>\n<h3 style=\"text-align: center;\"><span><span style=\"color: #ff0000;\"><strong>95 av. Cyrille Besset \u00e0 CAGNES SUR MER<\/strong><\/span><\/span><\/h3>\n<p><span>Nous proposons des prestations\u00a0<strong>rapides et de qualit\u00e9<\/strong>\u00a0depuis 2009.<\/span><\/p>\n<p>[\/et_pb_text][\/et_pb_column][et_pb_column type=&#8221;1_2&#8243; _builder_version=&#8221;4.16&#8243; _module_preset=&#8221;default&#8221; global_colors_info=&#8221;{}&#8221;][et_pb_image src=&#8221;http:\/\/rivieracartegrise.com\/wp-content\/uploads\/2020\/08\/plaques-carte-grise-clef-scaled.jpeg&#8221; title_text=&#8221;Plaques d&#8217;immatriculation&#8221; _builder_version=&#8221;4.16&#8243; _module_preset=&#8221;default&#8221; global_colors_info=&#8221;{}&#8221;][\/et_pb_image][\/et_pb_column][\/et_pb_row][et_pb_row _builder_version=&#8221;4.16&#8243; _module_preset=&#8221;default&#8221; global_colors_info=&#8221;{}&#8221;][et_pb_column type=&#8221;4_4&#8243; _builder_version=&#8221;4.16&#8243; _module_preset=&#8221;default&#8221; global_colors_info=&#8221;{}&#8221;][et_pb_testimonial author=&#8221;Isabelle K.&#8221; portrait_url=&#8221;http:\/\/rivieracartegrise.com\/wp-content\/uploads\/2020\/08\/temoin01.jpg&#8221; _builder_version=&#8221;4.16&#8243; _module_preset=&#8221;default&#8221; global_colors_info=&#8221;{}&#8221;]<\/p>\n<p>N&#8217;ayant pas envie de perdre du temps \u00e0 la prefecture et ne sachant pas en d\u00e9tail quels seraient les papiers dont j&#8217;aurais besoin, j&#8217;ai fait appel \u00e0 RivieraCarteGrise&#8230; Ludovic et Arnaud m&#8217;ont accompagn\u00e9 tout le long de ma demarche&#8230; Encore merci \u00e0 leur professionalisme !<\/p>\n<p>[\/et_pb_testimonial][\/et_pb_column][\/et_pb_row][\/et_pb_section]<\/p>\n","protected":false},"excerpt":{"rendered":"<p>SIMPLIFIEZ-VOUS LA VIE !Pour un gain de temps concernant tous les documents administratifs, n&#8217;h\u00e9sitez pas \u00e0 contacter RIVIERA CARTE GRISE. Avec ses 15 ans exp\u00e9riences et ses nombreuses r\u00e9f\u00e9rences, RIVIERA CARTE GRISE est en mesure de r\u00e9pondre \u00e0 toutes vos attentes. Facile d\u2019acc\u00e8s, Parking GRATUIT \u00e0 disposition 95 av. Cyrille Besset \u00e0 CAGNES SUR MER [&hellip;]<\/p>\n","protected":false},"author":2,"featured_media":0,"parent":0,"menu_order":0,"comment_status":"closed","ping_status":"closed","template":"","meta":{"_et_pb_use_builder":"on","_et_pb_old_content":"","_et_gb_content_width":"","footnotes":""},"_links":{"self":[{"href":"https:\/\/rivieracartegrise.com\/index.php\/wp-json\/wp\/v2\/pages\/24"}],"collection":[{"href":"https:\/\/rivieracartegrise.com\/index.php\/wp-json\/wp\/v2\/pages"}],"about":[{"href":"https:\/\/rivieracartegrise.com\/index.php\/wp-json\/wp\/v2\/types\/page"}],"author":[{"embeddable":true,"href":"https:\/\/rivieracartegrise.com\/index.php\/wp-json\/wp\/v2\/users\/2"}],"replies":[{"embeddable":true,"href":"https:\/\/rivieracartegrise.com\/index.php\/wp-json\/wp\/v2\/comments?post=24"}],"version-history":[{"count":16,"href":"https:\/\/rivieracartegrise.com\/index.php\/wp-json\/wp\/v2\/pages\/24\/revisions"}],"predecessor-version":[{"id":165,"href":"https:\/\/rivieracartegrise.com\/index.php\/wp-json\/wp\/v2\/pages\/24\/revisions\/165"}],"wp:attachment":[{"href":"https:\/\/rivieracartegrise.com\/index.php\/wp-json\/wp\/v2\/media?parent=24"}],"curies":[{"name":"wp","href":"https:\/\/api.w.org\/{rel}","templated":true}]}}