{"id":40,"date":"2020-08-06T11:34:08","date_gmt":"2020-08-06T09:34:08","guid":{"rendered":"http:\/\/rivieracartegrise.com\/?page_id=40"},"modified":"2020-08-13T18:18:10","modified_gmt":"2020-08-13T16:18:10","slug":"pieces-a-fournir","status":"publish","type":"page","link":"https:\/\/rivieracartegrise.com\/index.php\/pieces-a-fournir\/","title":{"rendered":"Pi\u00e8ces \u00e0 fournir"},"content":{"rendered":"<p>[et_pb_section fb_built=&#8221;1&#8243; fullwidth=&#8221;on&#8221; _builder_version=&#8221;4.5.3&#8243; _module_preset=&#8221;default&#8221;][et_pb_fullwidth_header _builder_version=&#8221;4.5.3&#8243; _module_preset=&#8221;default&#8221; background_image=&#8221;http:\/\/rivieracartegrise.com\/wp-content\/uploads\/2020\/08\/fond1920-01.jpg&#8221; parallax=&#8221;on&#8221; custom_padding=&#8221;||500px|||&#8221;][\/et_pb_fullwidth_header][\/et_pb_section][et_pb_section fb_built=&#8221;1&#8243; _builder_version=&#8221;4.5.3&#8243; _module_preset=&#8221;default&#8221;][et_pb_row _builder_version=&#8221;4.5.3&#8243; _module_preset=&#8221;default&#8221;][et_pb_column type=&#8221;4_4&#8243; _builder_version=&#8221;4.5.3&#8243; _module_preset=&#8221;default&#8221;][et_pb_text _builder_version=&#8221;4.5.3&#8243; _module_preset=&#8221;default&#8221; text_text_color=&#8221;#000000&#8243; hover_enabled=&#8221;0&#8243; border_width_bottom=&#8221;1px&#8221; border_color_bottom=&#8221;#0c71c3&#8243;]<\/p>\n<h1 style=\"text-align: center;\">V\u00e9hicules en FRANCE<\/h1>\n<p>[\/et_pb_text][\/et_pb_column][\/et_pb_row][et_pb_row column_structure=&#8221;1_4,1_4,1_4,1_4&#8243; _builder_version=&#8221;4.5.3&#8243; _module_preset=&#8221;default&#8221;][et_pb_column type=&#8221;1_4&#8243; _builder_version=&#8221;4.5.3&#8243; _module_preset=&#8221;default&#8221;][et_pb_text _builder_version=&#8221;4.5.3&#8243; _module_preset=&#8221;default&#8221; hover_enabled=&#8221;0&#8243;]<\/p>\n<p style=\"text-align: center;\"><span style=\"color: #3366ff;\"><u><strong>Changement de Titulaire<\/strong><\/u><\/span><\/p>\n<p>[\/et_pb_text][et_pb_text _builder_version=&#8221;4.5.3&#8243; _module_preset=&#8221;default&#8221;]<\/p>\n<ul>\n<li><span>Carte grise en int\u00e9gralit\u00e9<\/span><\/li>\n<li><span>D\u00e9claration de cession<\/span><\/li>\n<li><span>Demande d\u2019immatriculation\u00a0<\/span><\/li>\n<li><span>Mandat d&#8217;immatriculation<\/span><\/li>\n<li><span>Pi\u00e8ce d\u2019identit\u00e9<\/span><\/li>\n<li><span>Permis de conduire<\/span><\/li>\n<li><span>Assurance du v\u00e9hicule<\/span><\/li>\n<li><span>Justificatif de domicile<\/span><\/li>\n<li><span>Contr\u00f4le technique de moins de 6 mois si le v\u00e9hicule a plus de 4 ans<\/span><\/li>\n<li><em><span>Pour les soci\u00e9t\u00e9s k bis, pi\u00e8ce d\u2019identit\u00e9 du g\u00e9rant et cachet commercial<\/span><\/em><\/li>\n<\/ul>\n<p>[\/et_pb_text][\/et_pb_column][et_pb_column type=&#8221;1_4&#8243; _builder_version=&#8221;4.5.3&#8243; _module_preset=&#8221;default&#8221;][et_pb_text _builder_version=&#8221;4.5.3&#8243; _module_preset=&#8221;default&#8221; hover_enabled=&#8221;0&#8243;]<\/p>\n<p style=\"text-align: center;\"><span style=\"color: #3366ff;\"><u><strong>Changement d\u2019adresse<\/strong><\/u><\/span><\/p>\n<p>[\/et_pb_text][et_pb_text _builder_version=&#8221;4.5.3&#8243; _module_preset=&#8221;default&#8221;]<\/p>\n<ul>\n<li><span>Carte grise<\/span><\/li>\n<li><span>Demande d\u2019immatriculation<\/span><\/li>\n<li><span>Mandat d&#8217;immatriculation<\/span><span><\/span><\/li>\n<li><span>Pi\u00e8ce d\u2019identit\u00e9<\/span><\/li>\n<li><span>Nouveau justificatif de domicile<\/span><\/li>\n<li><span>Assurance du v\u00e9hicule<\/span><\/li>\n<li><span>Contr\u00f4le technique en cours de validit\u00e9<\/span><\/li>\n<\/ul>\n<p>[\/et_pb_text][\/et_pb_column][et_pb_column type=&#8221;1_4&#8243; _builder_version=&#8221;4.5.3&#8243; _module_preset=&#8221;default&#8221;][et_pb_text _builder_version=&#8221;4.5.3&#8243; _module_preset=&#8221;default&#8221; hover_enabled=&#8221;0&#8243;]<\/p>\n<p style=\"text-align: center;\"><span style=\"color: #3366ff;\"><u><strong>Duplicata<\/strong><\/u><\/span><\/p>\n<p>[\/et_pb_text][et_pb_text _builder_version=&#8221;4.5.3&#8243; _module_preset=&#8221;default&#8221;]<\/p>\n<ul>\n<li><span>D\u00e9claration de perte\/vol<\/span><\/li>\n<li><span>Demande d\u2019immatriculation<\/span><\/li>\n<li><span>Mandat d&#8217;immatriculation<\/span><\/li>\n<li><span>Pi\u00e8ce d\u2019identit\u00e9<\/span><\/li>\n<li><span>Justificatif de domicile<\/span><\/li>\n<li><span>Permis de conduire<\/span><\/li>\n<li><span>Assurance du v\u00e9hicule<\/span><\/li>\n<li><span>Contr\u00f4le technique en cours de validit\u00e9<\/span><\/li>\n<\/ul>\n<p>[\/et_pb_text][\/et_pb_column][et_pb_column type=&#8221;1_4&#8243; _builder_version=&#8221;4.5.3&#8243; _module_preset=&#8221;default&#8221;][et_pb_text _builder_version=&#8221;4.5.3&#8243; _module_preset=&#8221;default&#8221; hover_enabled=&#8221;0&#8243;]<\/p>\n<p style=\"text-align: center;\"><span style=\"color: #3366ff;\"><u><strong>Inscription de Cession<\/strong><\/u><\/span><\/p>\n<p>[\/et_pb_text][et_pb_text _builder_version=&#8221;4.5.3&#8243; _module_preset=&#8221;default&#8221;]<\/p>\n<ul>\n<li><span>D\u00e9claration de cession<\/span><\/li>\n<li><span>Copie de Carte Grise<\/span><\/li>\n<li><span>Mandat d&#8217;immatriculation<\/span><\/li>\n<\/ul>\n<p>[\/et_pb_text][\/et_pb_column][\/et_pb_row][et_pb_row _builder_version=&#8221;4.5.3&#8243; _module_preset=&#8221;default&#8221;][et_pb_column type=&#8221;4_4&#8243; _builder_version=&#8221;4.5.3&#8243; _module_preset=&#8221;default&#8221;][et_pb_text _builder_version=&#8221;4.5.3&#8243; _module_preset=&#8221;default&#8221;]<\/p>\n<h3 style=\"text-align: center;\">A SAVOIR&#8230;<\/h3>\n<p>[\/et_pb_text][et_pb_text _builder_version=&#8221;4.5.3&#8243; _module_preset=&#8221;default&#8221;]<\/p>\n<ul>\n<li>\n<div><span>Pas de contr\u00f4le technique pour les 2 roues et les 3 roues<\/span><\/div>\n<\/li>\n<li>\n<div><span>Le contr\u00f4le technique doit avoir moins de 6 mois \u00e0 la date d&#8217;\u00e9tablissement de la carte grise<\/span><\/div>\n<\/li>\n<li>\n<div><span>La d\u00e9claration de cession doit \u00eatre un original<\/span><\/div>\n<\/li>\n<li>\n<div><span>Les soci\u00e9t\u00e9s doivent apposer leur cachet commercial sur la Cession, sur la Demande d&#8217;immatriculation et sur le Mandat<\/span><\/div>\n<\/li>\n<\/ul>\n<p>[\/et_pb_text][\/et_pb_column][\/et_pb_row][\/et_pb_section][et_pb_section fb_built=&#8221;1&#8243; _builder_version=&#8221;4.5.3&#8243; _module_preset=&#8221;default&#8221;][et_pb_row _builder_version=&#8221;4.5.3&#8243; _module_preset=&#8221;default&#8221;][et_pb_column type=&#8221;4_4&#8243; _builder_version=&#8221;4.5.3&#8243; _module_preset=&#8221;default&#8221;][et_pb_text _builder_version=&#8221;4.5.3&#8243; _module_preset=&#8221;default&#8221; hover_enabled=&#8221;0&#8243; border_width_bottom=&#8221;1px&#8221; border_color_bottom=&#8221;#0c71c3&#8243;]<\/p>\n<h1 style=\"text-align: center;\">V\u00e9hicules IMPORTES<\/h1>\n<p>[\/et_pb_text][\/et_pb_column][\/et_pb_row][et_pb_row column_structure=&#8221;1_3,1_3,1_3&#8243; _builder_version=&#8221;4.5.3&#8243; _module_preset=&#8221;default&#8221;][et_pb_column type=&#8221;1_3&#8243; _builder_version=&#8221;4.5.3&#8243; _module_preset=&#8221;default&#8221;][et_pb_text _builder_version=&#8221;4.5.3&#8243; _module_preset=&#8221;default&#8221; hover_enabled=&#8221;0&#8243;]<\/p>\n<p style=\"text-align: center;\"><span style=\"color: #3366ff;\"><strong><u>Union europ\u00e9enne<\/u><\/strong><\/span><\/p>\n<p>[\/et_pb_text][et_pb_text _builder_version=&#8221;4.5.3&#8243; _module_preset=&#8221;default&#8221;]<\/p>\n<ul>\n<li><span>Carte(s) grise(s)<\/span><\/li>\n<li><span>Demande d\u2019immatriculation<\/span><\/li>\n<li><span>Mandat d&#8217;immatriculation<\/span><\/li>\n<li><span>Certificat de cession ou facture d\u2019achat<\/span><\/li>\n<li><span>Pi\u00e8ce d\u2019identit\u00e9 de l\u2019acqu\u00e9reur et justificatif de domicile<\/span><\/li>\n<li><span>Permis de conduire et assurance du v\u00e9hicule<\/span><\/li>\n<li><span>Contr\u00f4le technique de moins de 6 mois<\/span><\/li>\n<li><span>Quitus fiscal (certificat d\u2019acquisition)<\/span><\/li>\n<li><span>Certificat de Conformit\u00e9 ou Attestation d\u2019identification conforme \u00e0 un type national, possibilit\u00e9 d&#8217;obtention par nos soins<\/span><\/li>\n<\/ul>\n<p>[\/et_pb_text][\/et_pb_column][et_pb_column type=&#8221;1_3&#8243; _builder_version=&#8221;4.5.3&#8243; _module_preset=&#8221;default&#8221;][et_pb_text _builder_version=&#8221;4.5.3&#8243; _module_preset=&#8221;default&#8221; hover_enabled=&#8221;0&#8243;]<\/p>\n<p style=\"text-align: center;\"><span style=\"color: #3366ff;\"><u><strong>V\u00e9hicule en provenance de Monaco<\/strong><\/u><\/span><\/p>\n<p>[\/et_pb_text][et_pb_text _builder_version=&#8221;4.5.3&#8243; _module_preset=&#8221;default&#8221;]<\/p>\n<ul>\n<li>\n<div><span><em>Apr\u00e8s avoir rendu la carte grise \u00e0 Monaco, les autorit\u00e9s mon\u00e9gasques remettent au vendeur un certificat pour l&#8217;obtention de la carte grise en France.<\/em><\/span><\/div>\n<ul>\n<li><span>Certificat pour l&#8217;obtention de la carte grise en France<\/span><\/li>\n<li><span>Certificat de cession<\/span><\/li>\n<li><span>Demande d&#8217;immatriculation<\/span><\/li>\n<li><span>Mandat d&#8217;immatriculation\u00a0<\/span><\/li>\n<li><span>Pi\u00e8ce d&#8217;identit\u00e9 et justificatif de domicile<\/span><\/li>\n<li><span>Permis de conduire et assurance du v\u00e9hicule<\/span><\/li>\n<li><span>Contr\u00f4le technique Fran\u00e7ais de moins de 6 mois si le v\u00e9hicule a plus de 4 ans.<\/span><\/li>\n<\/ul>\n<\/li>\n<\/ul>\n<p>[\/et_pb_text][\/et_pb_column][et_pb_column type=&#8221;1_3&#8243; _builder_version=&#8221;4.5.3&#8243; _module_preset=&#8221;default&#8221;][et_pb_text _builder_version=&#8221;4.5.3&#8243; _module_preset=&#8221;default&#8221; hover_enabled=&#8221;0&#8243;]<\/p>\n<p style=\"text-align: center;\"><span style=\"color: #3366ff;\"><u><strong>Hors Union Europ\u00e9ene<\/strong><\/u><\/span><\/p>\n<p>[\/et_pb_text][et_pb_text _builder_version=&#8221;4.5.3&#8243; _module_preset=&#8221;default&#8221;]<\/p>\n<ul>\n<li><span>Carte(s) grise(s)<\/span><\/li>\n<li><span>Demande d\u2019immatriculation<\/span><\/li>\n<li><span>Mandat d&#8217;immatriculation<\/span><\/li>\n<li><span>Certificat de cession ou facture d\u2019achat<\/span><\/li>\n<li><span>Pi\u00e8ce d\u2019identit\u00e9 de l\u2019acqu\u00e9reur et justificatif de domicile<\/span><\/li>\n<li><span>Permis de conduire et assurance du v\u00e9hicule<\/span><\/li>\n<li><span>Contr\u00f4le technique de moins de 6 mois si le v\u00e9hicule a plus de 4 ans<\/span><\/li>\n<li><span>\u00ab\u00a0846 A\u00a0\u00bb du service des douanes<\/span><\/li>\n<li><span>Certificat de conformit\u00e9 ou R\u00e9ception \u00e0 titre isol\u00e9 (DRIRE)<\/span><\/li>\n<\/ul>\n<p>[\/et_pb_text][\/et_pb_column][\/et_pb_row][\/et_pb_section]<\/p>\n","protected":false},"excerpt":{"rendered":"<p>V\u00e9hicules en FRANCEChangement de Titulaire Carte grise en int\u00e9gralit\u00e9 D\u00e9claration de cession Demande d\u2019immatriculation\u00a0 Mandat d&#8217;immatriculation Pi\u00e8ce d\u2019identit\u00e9 Permis de conduire Assurance du v\u00e9hicule Justificatif de domicile Contr\u00f4le technique de moins de 6 mois si le v\u00e9hicule a plus de 4 ans Pour les soci\u00e9t\u00e9s k bis, pi\u00e8ce d\u2019identit\u00e9 du g\u00e9rant et cachet commercial Changement [&hellip;]<\/p>\n","protected":false},"author":2,"featured_media":0,"parent":0,"menu_order":0,"comment_status":"closed","ping_status":"closed","template":"","meta":{"_et_pb_use_builder":"on","_et_pb_old_content":"","_et_gb_content_width":"","footnotes":""},"_links":{"self":[{"href":"https:\/\/rivieracartegrise.com\/index.php\/wp-json\/wp\/v2\/pages\/40"}],"collection":[{"href":"https:\/\/rivieracartegrise.com\/index.php\/wp-json\/wp\/v2\/pages"}],"about":[{"href":"https:\/\/rivieracartegrise.com\/index.php\/wp-json\/wp\/v2\/types\/page"}],"author":[{"embeddable":true,"href":"https:\/\/rivieracartegrise.com\/index.php\/wp-json\/wp\/v2\/users\/2"}],"replies":[{"embeddable":true,"href":"https:\/\/rivieracartegrise.com\/index.php\/wp-json\/wp\/v2\/comments?post=40"}],"version-history":[{"count":4,"href":"https:\/\/rivieracartegrise.com\/index.php\/wp-json\/wp\/v2\/pages\/40\/revisions"}],"predecessor-version":[{"id":114,"href":"https:\/\/rivieracartegrise.com\/index.php\/wp-json\/wp\/v2\/pages\/40\/revisions\/114"}],"wp:attachment":[{"href":"https:\/\/rivieracartegrise.com\/index.php\/wp-json\/wp\/v2\/media?parent=40"}],"curies":[{"name":"wp","href":"https:\/\/api.w.org\/{rel}","templated":true}]}}