{"id":43,"date":"2020-08-06T11:36:47","date_gmt":"2020-08-06T09:36:47","guid":{"rendered":"http:\/\/rivieracartegrise.com\/?page_id=43"},"modified":"2020-08-15T16:26:43","modified_gmt":"2020-08-15T14:26:43","slug":"documents-a-telecharger","status":"publish","type":"page","link":"https:\/\/rivieracartegrise.com\/index.php\/documents-a-telecharger\/","title":{"rendered":"Documents \u00e0 t\u00e9l\u00e9charger"},"content":{"rendered":"<p>[et_pb_section fb_built=&#8221;1&#8243; _builder_version=&#8221;4.5.3&#8243; _module_preset=&#8221;default&#8221;][et_pb_row _builder_version=&#8221;4.5.3&#8243; _module_preset=&#8221;default&#8221;][et_pb_column type=&#8221;4_4&#8243; _builder_version=&#8221;4.5.3&#8243; _module_preset=&#8221;default&#8221;][et_pb_text _builder_version=&#8221;4.5.6&#8243; _module_preset=&#8221;default&#8221;]<\/p>\n<p>Vous retrouverez ici tous les documents officiels (Cerfa) afin de proc\u00e9der aux differentes d\u00e9marches dont vous avez besoin&#8230; Cliquez simplement sur le document dont vous avez besoin, remplissez les cases, et joignez ce document \u00e0 votre dossier !<\/p>\n<p>[\/et_pb_text][\/et_pb_column][\/et_pb_row][et_pb_row column_structure=&#8221;1_3,1_3,1_3&#8243; _builder_version=&#8221;4.5.6&#8243; _module_preset=&#8221;default&#8221;][et_pb_column type=&#8221;1_3&#8243; _builder_version=&#8221;4.5.6&#8243; _module_preset=&#8221;default&#8221;][et_pb_cta title=&#8221;Demande de certificat d&#8217;immatriculation (V\u00e9hicule Neuf)&#8221; button_url=&#8221;http:\/\/rivieracartegrise.com\/wp-content\/uploads\/2020\/08\/cerfa_13749-01.pdf&#8221; button_text=&#8221;T\u00e9l\u00e9charger ici&#8221; _builder_version=&#8221;4.5.6&#8243; _module_preset=&#8221;default&#8221; background_color=&#8221;#9d8cdb&#8221; animation_style=&#8221;zoom&#8221; link_option_url_new_window=&#8221;on&#8221; hover_enabled=&#8221;0&#8243; url_new_window=&#8221;on&#8221; link_option_url=&#8221;http:\/\/rivieracartegrise.com\/wp-content\/uploads\/2020\/08\/cerfa_13749-01.pdf&#8221;]<\/p>\n<p><span><img loading=\"lazy\" decoding=\"async\" src=\"http:\/\/rivieracartegrise.com\/wp-content\/uploads\/2020\/08\/logo-pdf.png\" width=\"36\" height=\"50\" alt=\"\" class=\"wp-image-133 alignnone size-full\" \/><\/span><\/p>\n<p><span>Pour toutes demandes de carte grises pour un v\u00e9hicule neuf, ce document est obligatoire. Il doit \u00eatre rempli et sign\u00e9 par le titulaire ou le co-titulaire.<\/span><\/p>\n<p>[\/et_pb_cta][\/et_pb_column][et_pb_column type=&#8221;1_3&#8243; _builder_version=&#8221;4.5.6&#8243; _module_preset=&#8221;default&#8221;][et_pb_cta title=&#8221;Demande de certificat d&#8217;immatriculation (V\u00e9hicule Occasion)&#8221; button_url=&#8221;http:\/\/rivieracartegrise.com\/wp-content\/uploads\/2020\/08\/cerfa_13750-05.pdf&#8221; button_text=&#8221;T\u00e9l\u00e9charger ici&#8221; _builder_version=&#8221;4.5.6&#8243; _module_preset=&#8221;default&#8221; background_color=&#8221;#7cc0c1&#8243; animation_style=&#8221;zoom&#8221; link_option_url_new_window=&#8221;on&#8221; hover_enabled=&#8221;0&#8243; url_new_window=&#8221;on&#8221; link_option_url=&#8221;http:\/\/rivieracartegrise.com\/wp-content\/uploads\/2020\/08\/cerfa_13750-05.pdf&#8221;]<\/p>\n<p><span><img loading=\"lazy\" decoding=\"async\" src=\"http:\/\/rivieracartegrise.com\/wp-content\/uploads\/2020\/08\/logo-pdf.png\" width=\"36\" height=\"50\" alt=\"\" class=\"wp-image-133 alignnone size-full\" \/><\/span><\/p>\n<p><span>Pour toutes demandes de carte grises pour un v\u00e9hicule d&#8217;occasion, ce document est obligatoire. Il doit \u00eatre rempli et sign\u00e9 par le titulaire ou le co-titulaire.<\/span><\/p>\n<p>[\/et_pb_cta][\/et_pb_column][et_pb_column type=&#8221;1_3&#8243; _builder_version=&#8221;4.5.6&#8243; _module_preset=&#8221;default&#8221;][et_pb_cta title=&#8221;Mandat d\u2019ex\u00e9cution des d\u00e9marches Administratives&#8221; button_url=&#8221;http:\/\/rivieracartegrise.com\/wp-content\/uploads\/2020\/08\/cerfa_13757-02.pdf&#8221; button_text=&#8221;T\u00e9l\u00e9charger ici&#8221; _builder_version=&#8221;4.5.6&#8243; _module_preset=&#8221;default&#8221; background_color=&#8221;#77a3ba&#8221; animation_style=&#8221;zoom&#8221; link_option_url_new_window=&#8221;on&#8221; hover_enabled=&#8221;0&#8243; url_new_window=&#8221;on&#8221; link_option_url=&#8221;http:\/\/rivieracartegrise.com\/wp-content\/uploads\/2020\/08\/cerfa_13757-02.pdf&#8221;]<\/p>\n<p><span><img loading=\"lazy\" decoding=\"async\" src=\"http:\/\/rivieracartegrise.com\/wp-content\/uploads\/2020\/08\/logo-pdf.png\" width=\"36\" height=\"50\" alt=\"\" class=\"wp-image-133 alignnone size-full\" \/><\/span><\/p>\n<p>Pour faire appel \u00e0 un professionnel de l&#8217;automobile afin d&#8217;effectuer les formalit\u00e9s d&#8217;immatriculation aupr\u00e8s du Minist\u00e8re de l&#8217;Int\u00e9rieur.\u00a0<span>Il doit \u00eatre rempli et sign\u00e9 par le titulaire ou le co-titulaire.<\/span><\/p>\n<p>[\/et_pb_cta][\/et_pb_column][\/et_pb_row][et_pb_row column_structure=&#8221;1_3,1_3,1_3&#8243; _builder_version=&#8221;4.5.6&#8243; _module_preset=&#8221;default&#8221;][et_pb_column type=&#8221;1_3&#8243; _builder_version=&#8221;4.5.6&#8243; _module_preset=&#8221;default&#8221;][et_pb_cta title=&#8221;D\u00e9claration de cession d&#8217;un v\u00e9hicule&#8221; button_url=&#8221;http:\/\/rivieracartegrise.com\/wp-content\/uploads\/2020\/08\/cerfa_13754-02.pdf&#8221; button_text=&#8221;T\u00e9l\u00e9charger ici&#8221; _builder_version=&#8221;4.5.6&#8243; _module_preset=&#8221;default&#8221; background_color=&#8221;#507584&#8243; animation_style=&#8221;zoom&#8221; link_option_url_new_window=&#8221;on&#8221; hover_enabled=&#8221;0&#8243; url_new_window=&#8221;on&#8221; link_option_url=&#8221;http:\/\/rivieracartegrise.com\/wp-content\/uploads\/2020\/08\/cerfa_13754-02.pdf&#8221;]<\/p>\n<p><span><img loading=\"lazy\" decoding=\"async\" src=\"http:\/\/rivieracartegrise.com\/wp-content\/uploads\/2020\/08\/logo-pdf.png\" width=\"36\" height=\"50\" alt=\"\" class=\"wp-image-133 alignnone size-full\" \/><\/span><\/p>\n<p><span>Ce document est \u00e0 remplir par l&#8217;ancien propri\u00e9taire (Le vendeur du v\u00e9hicule) si ledit v\u00e9hicule n&#8217;a pas \u00e9t\u00e9 achet\u00e9 neuf. Il doit aussi comlporter la signature de l&#8217;acqu\u00e9reur et doit \u00eatre fait en 2 exemplaires, le premier que vous conservez et le deuxi\u00e8me que vous remettez avec votre dossier.<\/span><\/p>\n<p>[\/et_pb_cta][\/et_pb_column][et_pb_column type=&#8221;1_3&#8243; _builder_version=&#8221;4.5.6&#8243; _module_preset=&#8221;default&#8221;][et_pb_cta title=&#8221;D\u00e9claration de Perte ou de Vol de la carte grise&#8221; button_url=&#8221;http:\/\/rivieracartegrise.com\/wp-content\/uploads\/2020\/08\/cerfa_13753-02.pdf&#8221; button_text=&#8221;T\u00e9l\u00e9charger ici&#8221; _builder_version=&#8221;4.5.6&#8243; _module_preset=&#8221;default&#8221; background_color=&#8221;#b77397&#8243; animation_style=&#8221;zoom&#8221; link_option_url_new_window=&#8221;on&#8221; hover_enabled=&#8221;0&#8243; url_new_window=&#8221;on&#8221; link_option_url=&#8221;http:\/\/rivieracartegrise.com\/wp-content\/uploads\/2020\/08\/cerfa_13753-02.pdf&#8221;]<\/p>\n<p><span><img loading=\"lazy\" decoding=\"async\" src=\"http:\/\/rivieracartegrise.com\/wp-content\/uploads\/2020\/08\/logo-pdf.png\" width=\"36\" height=\"50\" alt=\"\" class=\"wp-image-133 alignnone size-full\" \/><\/span><\/p>\n<p><span>Dans le cadre d&#8217;une demande de duplicata, veuillez compl\u00e9ter ce formulaire dans le cas d&#8217;une perte ou d&#8217;un vol de votre certificat d&#8217;immatriculation. Ce document est \u00e0 faire en 2 exemplaires, le premier que vous conservez et le deuxi\u00e8me que vous remettez avec votre dossier.<\/span><\/p>\n<p>[\/et_pb_cta][\/et_pb_column][et_pb_column type=&#8221;1_3&#8243; _builder_version=&#8221;4.5.6&#8243; _module_preset=&#8221;default&#8221;][et_pb_cta title=&#8221;Attestation d&#8217;h\u00e9bergement pr\u00e9-remplie&#8221; button_url=&#8221;http:\/\/rivieracartegrise.com\/wp-content\/uploads\/2020\/08\/Attestation-Hebergement.pdf&#8221; url_new_window=&#8221;on&#8221; button_text=&#8221;T\u00e9l\u00e9charger ici&#8221; _builder_version=&#8221;4.5.6&#8243; _module_preset=&#8221;default&#8221; background_color=&#8221;#8dc1dd&#8221; animation_style=&#8221;zoom&#8221; link_option_url=&#8221;http:\/\/rivieracartegrise.com\/wp-content\/uploads\/2020\/08\/Attestation-Hebergement.pdf&#8221; link_option_url_new_window=&#8221;on&#8221;]<\/p>\n<p><span><img loading=\"lazy\" decoding=\"async\" src=\"http:\/\/rivieracartegrise.com\/wp-content\/uploads\/2020\/08\/logo-pdf.png\" width=\"36\" height=\"50\" alt=\"\" class=\"wp-image-133 alignnone size-full\" \/><\/span><\/p>\n<p>Document \u00e0 rajouter \u00e0 votre dossier si vous \u00eates h\u00e9berg\u00e9 chez un tiers.<\/p>\n<p>Vous devez fournir une copie de la pi\u00e8ce d&#8217;identit\u00e9 ou du passeport de la personne chez qui vous \u00eates h\u00e9berg\u00e9, et aussi fournir un justificatif de domicile de l&#8217;h\u00e9bergement.<\/p>\n<p>[\/et_pb_cta][\/et_pb_column][\/et_pb_row][et_pb_row _builder_version=&#8221;4.5.3&#8243; _module_preset=&#8221;default&#8221;][et_pb_column type=&#8221;4_4&#8243; _builder_version=&#8221;4.5.3&#8243; _module_preset=&#8221;default&#8221;][et_pb_text _builder_version=&#8221;4.5.6&#8243; _module_preset=&#8221;default&#8221;]<\/p>\n<h4 style=\"text-align: center;\"><span style=\"color: #ff0000;\">Nous restons \u00e0 votre disposition en boutique pour vous accompagner dans le remplissage de ces documents !<\/span><\/h4>\n<p>[\/et_pb_text][\/et_pb_column][\/et_pb_row][\/et_pb_section]<\/p>\n","protected":false},"excerpt":{"rendered":"<p>Vous retrouverez ici tous les documents officiels (Cerfa) afin de proc\u00e9der aux differentes d\u00e9marches dont vous avez besoin&#8230; Cliquez simplement sur le document dont vous avez besoin, remplissez les cases, et joignez ce document \u00e0 votre dossier ! Pour toutes demandes de carte grises pour un v\u00e9hicule neuf, ce document est obligatoire. Il doit \u00eatre [&hellip;]<\/p>\n","protected":false},"author":2,"featured_media":0,"parent":0,"menu_order":0,"comment_status":"closed","ping_status":"closed","template":"","meta":{"_et_pb_use_builder":"on","_et_pb_old_content":"","_et_gb_content_width":"","footnotes":""},"_links":{"self":[{"href":"https:\/\/rivieracartegrise.com\/index.php\/wp-json\/wp\/v2\/pages\/43"}],"collection":[{"href":"https:\/\/rivieracartegrise.com\/index.php\/wp-json\/wp\/v2\/pages"}],"about":[{"href":"https:\/\/rivieracartegrise.com\/index.php\/wp-json\/wp\/v2\/types\/page"}],"author":[{"embeddable":true,"href":"https:\/\/rivieracartegrise.com\/index.php\/wp-json\/wp\/v2\/users\/2"}],"replies":[{"embeddable":true,"href":"https:\/\/rivieracartegrise.com\/index.php\/wp-json\/wp\/v2\/comments?post=43"}],"version-history":[{"count":11,"href":"https:\/\/rivieracartegrise.com\/index.php\/wp-json\/wp\/v2\/pages\/43\/revisions"}],"predecessor-version":[{"id":139,"href":"https:\/\/rivieracartegrise.com\/index.php\/wp-json\/wp\/v2\/pages\/43\/revisions\/139"}],"wp:attachment":[{"href":"https:\/\/rivieracartegrise.com\/index.php\/wp-json\/wp\/v2\/media?parent=43"}],"curies":[{"name":"wp","href":"https:\/\/api.w.org\/{rel}","templated":true}]}}